{"id":12261,"date":"2022-06-19T16:27:43","date_gmt":"2022-06-19T14:27:43","guid":{"rendered":"https:\/\/endogenic.pl\/pl\/?post_type=product&#038;p=12261"},"modified":"2022-06-28T23:22:31","modified_gmt":"2022-06-28T21:22:31","slug":"pt-141","status":"publish","type":"product","link":"https:\/\/endogenic.pl\/pl\/product\/pt-141\/","title":{"rendered":"PT-141"},"content":{"rendered":"<p>PT-141 jest peptydem stosowanym przy zaburzeniach erekcji i libido. PT-141 jest izomerem znanego ju\u017c peptydu melanotan-2. PT-141 dzia\u0142a na kobiety i m\u0119\u017cczyzn. Ju\u017c jednorazowe podanie PT-141 powoduje znacz\u0105cy wzrost libido u obu p\u0142ci. Forma podania jest przyjazna dla wi\u0119kszo\u015bci u\u017cytkownik\u00f3w, gdy\u017c PT-141 mo\u017cna u\u017cy\u0107 podsk\u00f3rnie lub donosowo (spray). Peptyd chwalony przez wielu praktykuj\u0105cych.<\/p>\n","protected":false},"excerpt":{"rendered":"<p>PT-141 jest peptydem stosowanym przy zaburzeniach erekcji i libido. PT-141&hellip;<\/p>\n<p> <a class=\"more-link\" href=\"https:\/\/endogenic.pl\/pl\/product\/pt-141\/\">Czytaj dalej<\/a><\/p>\n","protected":false},"featured_media":12262,"comment_status":"open","ping_status":"closed","template":"","meta":[],"product_cat":[46],"product_tag":[],"class_list":{"0":"post-12261","1":"product","2":"type-product","3":"status-publish","4":"has-post-thumbnail","6":"product_cat-peptides"},"_links":{"self":[{"href":"https:\/\/endogenic.pl\/pl\/wp-json\/wp\/v2\/product\/12261","targetHints":{"allow":["GET"]}}],"collection":[{"href":"https:\/\/endogenic.pl\/pl\/wp-json\/wp\/v2\/product"}],"about":[{"href":"https:\/\/endogenic.pl\/pl\/wp-json\/wp\/v2\/types\/product"}],"replies":[{"embeddable":true,"href":"https:\/\/endogenic.pl\/pl\/wp-json\/wp\/v2\/comments?post=12261"}],"wp:featuredmedia":[{"embeddable":true,"href":"https:\/\/endogenic.pl\/pl\/wp-json\/wp\/v2\/media\/12262"}],"wp:attachment":[{"href":"https:\/\/endogenic.pl\/pl\/wp-json\/wp\/v2\/media?parent=12261"}],"wp:term":[{"taxonomy":"product_cat","embeddable":true,"href":"https:\/\/endogenic.pl\/pl\/wp-json\/wp\/v2\/product_cat?post=12261"},{"taxonomy":"product_tag","embeddable":true,"href":"https:\/\/endogenic.pl\/pl\/wp-json\/wp\/v2\/product_tag?post=12261"}],"curies":[{"name":"wp","href":"https:\/\/api.w.org\/{rel}","templated":true}]}}