{"id":12263,"date":"2022-06-19T16:28:16","date_gmt":"2022-06-19T14:28:16","guid":{"rendered":"https:\/\/endogenic.pl\/pl\/?post_type=product&#038;p=12263"},"modified":"2022-06-28T23:22:25","modified_gmt":"2022-06-28T21:22:25","slug":"kisspeptin-10","status":"publish","type":"product","link":"https:\/\/endogenic.pl\/pl\/product\/kisspeptin-10\/","title":{"rendered":"Kisspeptin-10"},"content":{"rendered":"<p>Kisspeptin-10 to neurohormon peptydowy, kt\u00f3ry uwalnia gonadoliberyn\u0119 w organizmie. Kisspeptin-10 dzia\u0142a gl\u00f3wnie na podwzg\u00f3rze, zwi\u0119ksza GnRH oraz LH (w przysadce m\u00f3zgowej). KIsspeptin-10 mo\u017ce by\u0107 u\u017cywany w przysz\u0142o\u015bci jako \u015brodek wspieraj\u0105cy leczenie zaburzenia p\u0142odno\u015bci. Wed\u0142ug bada\u0144 podanie kisspeptin-10 m\u0119\u017cczyznom zwi\u0119kszy\u0142o ich poziom testosteronu i LH. Wyniki s\u0105 obiecuj\u0105ce, a praktyka ludzi tylko to potwierdza.<\/p>\n","protected":false},"excerpt":{"rendered":"<p>Kisspeptin-10 to neurohormon peptydowy, kt\u00f3ry uwalnia gonadoliberyn\u0119 w organizmie. Kisspeptin-10&hellip;<\/p>\n<p> <a class=\"more-link\" href=\"https:\/\/endogenic.pl\/pl\/product\/kisspeptin-10\/\">Czytaj dalej<\/a><\/p>\n","protected":false},"featured_media":12264,"comment_status":"open","ping_status":"closed","template":"","meta":[],"product_cat":[46],"product_tag":[],"class_list":{"0":"post-12263","1":"product","2":"type-product","3":"status-publish","4":"has-post-thumbnail","6":"product_cat-peptides"},"_links":{"self":[{"href":"https:\/\/endogenic.pl\/pl\/wp-json\/wp\/v2\/product\/12263","targetHints":{"allow":["GET"]}}],"collection":[{"href":"https:\/\/endogenic.pl\/pl\/wp-json\/wp\/v2\/product"}],"about":[{"href":"https:\/\/endogenic.pl\/pl\/wp-json\/wp\/v2\/types\/product"}],"replies":[{"embeddable":true,"href":"https:\/\/endogenic.pl\/pl\/wp-json\/wp\/v2\/comments?post=12263"}],"wp:featuredmedia":[{"embeddable":true,"href":"https:\/\/endogenic.pl\/pl\/wp-json\/wp\/v2\/media\/12264"}],"wp:attachment":[{"href":"https:\/\/endogenic.pl\/pl\/wp-json\/wp\/v2\/media?parent=12263"}],"wp:term":[{"taxonomy":"product_cat","embeddable":true,"href":"https:\/\/endogenic.pl\/pl\/wp-json\/wp\/v2\/product_cat?post=12263"},{"taxonomy":"product_tag","embeddable":true,"href":"https:\/\/endogenic.pl\/pl\/wp-json\/wp\/v2\/product_tag?post=12263"}],"curies":[{"name":"wp","href":"https:\/\/api.w.org\/{rel}","templated":true}]}}