{"id":12265,"date":"2022-06-19T16:28:49","date_gmt":"2022-06-19T14:28:49","guid":{"rendered":"https:\/\/endogenic.pl\/pl\/?post_type=product&#038;p=12265"},"modified":"2022-06-28T23:22:20","modified_gmt":"2022-06-28T21:22:20","slug":"peg-mgf","status":"publish","type":"product","link":"https:\/\/endogenic.pl\/pl\/product\/peg-mgf\/","title":{"rendered":"PEG-MGF"},"content":{"rendered":"<p>PEG-MGF to Pegylowany Mechaniczny Czynnik Wzrostu. Pierwotn\u0105 wersj\u0105 by\u0142 MGF, kt\u00f3rego okres p\u00f3\u0142trwania by\u0142 bardzo kr\u00f3tki. PEG-MGF to wersja pegylowana, czyli syntetycznie wyd\u0142u\u017cona, aby okres dzia\u0142ania by\u0142 zdecydowanie d\u0142u\u017cszy. PEG-MGD dzi\u0119ki temu mo\u017cna podawa\u0107 podsk\u00f3rnie (wersja MGF zalecana domi\u0119\u015bniowo), gdy\u017c d\u0142ugi okres dzia\u0142ania obejmie ca\u0142y organizm i wyka\u017ce swoje pozytywy na ca\u0142y organizm. PEG-MGF to zdecydowanie jeden z lepszych peptyd\u00f3w na rozbudowanie masy mi\u0119\u015bniowej oraz regeneracj\u0119 mi\u0119\u015bni po wysi\u0142ku fizycznym.<\/p>\n","protected":false},"excerpt":{"rendered":"<p>PEG-MGF to Pegylowany Mechaniczny Czynnik Wzrostu. Pierwotn\u0105 wersj\u0105 by\u0142 MGF,&hellip;<\/p>\n<p> <a class=\"more-link\" href=\"https:\/\/endogenic.pl\/pl\/product\/peg-mgf\/\">Czytaj dalej<\/a><\/p>\n","protected":false},"featured_media":12266,"comment_status":"open","ping_status":"closed","template":"","meta":[],"product_cat":[46],"product_tag":[],"class_list":{"0":"post-12265","1":"product","2":"type-product","3":"status-publish","4":"has-post-thumbnail","6":"product_cat-peptides"},"_links":{"self":[{"href":"https:\/\/endogenic.pl\/pl\/wp-json\/wp\/v2\/product\/12265","targetHints":{"allow":["GET"]}}],"collection":[{"href":"https:\/\/endogenic.pl\/pl\/wp-json\/wp\/v2\/product"}],"about":[{"href":"https:\/\/endogenic.pl\/pl\/wp-json\/wp\/v2\/types\/product"}],"replies":[{"embeddable":true,"href":"https:\/\/endogenic.pl\/pl\/wp-json\/wp\/v2\/comments?post=12265"}],"wp:featuredmedia":[{"embeddable":true,"href":"https:\/\/endogenic.pl\/pl\/wp-json\/wp\/v2\/media\/12266"}],"wp:attachment":[{"href":"https:\/\/endogenic.pl\/pl\/wp-json\/wp\/v2\/media?parent=12265"}],"wp:term":[{"taxonomy":"product_cat","embeddable":true,"href":"https:\/\/endogenic.pl\/pl\/wp-json\/wp\/v2\/product_cat?post=12265"},{"taxonomy":"product_tag","embeddable":true,"href":"https:\/\/endogenic.pl\/pl\/wp-json\/wp\/v2\/product_tag?post=12265"}],"curies":[{"name":"wp","href":"https:\/\/api.w.org\/{rel}","templated":true}]}}