{"id":12267,"date":"2022-06-19T16:29:23","date_gmt":"2022-06-19T14:29:23","guid":{"rendered":"https:\/\/endogenic.pl\/pl\/?post_type=product&#038;p=12267"},"modified":"2022-06-28T23:22:15","modified_gmt":"2022-06-28T21:22:15","slug":"oxytocin","status":"publish","type":"product","link":"https:\/\/endogenic.pl\/pl\/product\/oxytocin\/","title":{"rendered":"Oxytocin"},"content":{"rendered":"<p>Oksytocyna jest nanopeptydem kt\u00f3ry oddzia\u0142owuje na uk\u0142ad nerwowy. Oksytocyna powoduje uczucie szcz\u0119\u015bcia i blisko\u015bci. Ci\u0119\u017cko znale\u017a\u0107 inny \u015brodek, kt\u00f3ry mo\u017cna por\u00f3wna\u0107 do oksytocyny. Oksytocyna mo\u017ce zmniejsza\u0107 stany l\u0119kowe, stany depresyjne, poprawia\u0107 kontakty mi\u0119dzyludzkie, zwi\u0119ksza\u0107 pewno\u015b\u0107 siebie oraz przyczyni\u0107 si\u0119 do wzrostu motywacji. Oksytocyna jest jednym z cz\u0119\u015bciej wybieranych peptyd\u00f3w dla chc\u0105cych poprawi\u0107 og\u00f3lne samopoczucie.<\/p>\n","protected":false},"excerpt":{"rendered":"<p>Oksytocyna jest nanopeptydem kt\u00f3ry oddzia\u0142owuje na uk\u0142ad nerwowy. Oksytocyna powoduje&hellip;<\/p>\n<p> <a class=\"more-link\" href=\"https:\/\/endogenic.pl\/pl\/product\/oxytocin\/\">Czytaj dalej<\/a><\/p>\n","protected":false},"featured_media":12268,"comment_status":"open","ping_status":"closed","template":"","meta":[],"product_cat":[46],"product_tag":[],"class_list":{"0":"post-12267","1":"product","2":"type-product","3":"status-publish","4":"has-post-thumbnail","6":"product_cat-peptides"},"_links":{"self":[{"href":"https:\/\/endogenic.pl\/pl\/wp-json\/wp\/v2\/product\/12267","targetHints":{"allow":["GET"]}}],"collection":[{"href":"https:\/\/endogenic.pl\/pl\/wp-json\/wp\/v2\/product"}],"about":[{"href":"https:\/\/endogenic.pl\/pl\/wp-json\/wp\/v2\/types\/product"}],"replies":[{"embeddable":true,"href":"https:\/\/endogenic.pl\/pl\/wp-json\/wp\/v2\/comments?post=12267"}],"wp:featuredmedia":[{"embeddable":true,"href":"https:\/\/endogenic.pl\/pl\/wp-json\/wp\/v2\/media\/12268"}],"wp:attachment":[{"href":"https:\/\/endogenic.pl\/pl\/wp-json\/wp\/v2\/media?parent=12267"}],"wp:term":[{"taxonomy":"product_cat","embeddable":true,"href":"https:\/\/endogenic.pl\/pl\/wp-json\/wp\/v2\/product_cat?post=12267"},{"taxonomy":"product_tag","embeddable":true,"href":"https:\/\/endogenic.pl\/pl\/wp-json\/wp\/v2\/product_tag?post=12267"}],"curies":[{"name":"wp","href":"https:\/\/api.w.org\/{rel}","templated":true}]}}