{"id":12269,"date":"2022-06-19T16:29:43","date_gmt":"2022-06-19T14:29:43","guid":{"rendered":"https:\/\/endogenic.pl\/pl\/?post_type=product&#038;p=12269"},"modified":"2022-11-02T19:00:50","modified_gmt":"2022-11-02T18:00:50","slug":"ipamorelin","status":"publish","type":"product","link":"https:\/\/endogenic.pl\/pl\/product\/ipamorelin\/","title":{"rendered":"Ipamorelin"},"content":{"rendered":"<p>Ipamorelina to polipeptyd b\u0119d\u0105cym agonist\u0105 hormonu greliny co powoduje stymulacj\u0119 i produkcj\u0119 hormonu wzrostu. Ipamorelin jest \u015bwietnym \u015brodkiem, kt\u00f3ry pozwala na zwi\u0119kszenie osi\u0105g\u00f3w treningowych, popraw\u0119 regeneracji oraz przy\u015bpieszy proces pracy nad sylwetk\u0105 bez ingerencji w uk\u0142ad hormonalny. Ipamorelin zaleca si\u0119 stosowa\u0107 razem z CJC dac \/ no dac ze wzgl\u0119du na synergistyczne dzia\u0142anie. Ipamorelina powoduje nawet parokrotnie wi\u0119kszy wyrzut hormonu wzrostu.<\/p>\n","protected":false},"excerpt":{"rendered":"<p>Ipamorelina to polipeptyd b\u0119d\u0105cym agonist\u0105 hormonu greliny co powoduje stymulacj\u0119&hellip;<\/p>\n<p> <a class=\"more-link\" href=\"https:\/\/endogenic.pl\/pl\/product\/ipamorelin\/\">Czytaj dalej<\/a><\/p>\n","protected":false},"featured_media":12270,"comment_status":"open","ping_status":"closed","template":"","meta":[],"product_cat":[46],"product_tag":[],"class_list":{"0":"post-12269","1":"product","2":"type-product","3":"status-publish","4":"has-post-thumbnail","6":"product_cat-peptides"},"_links":{"self":[{"href":"https:\/\/endogenic.pl\/pl\/wp-json\/wp\/v2\/product\/12269","targetHints":{"allow":["GET"]}}],"collection":[{"href":"https:\/\/endogenic.pl\/pl\/wp-json\/wp\/v2\/product"}],"about":[{"href":"https:\/\/endogenic.pl\/pl\/wp-json\/wp\/v2\/types\/product"}],"replies":[{"embeddable":true,"href":"https:\/\/endogenic.pl\/pl\/wp-json\/wp\/v2\/comments?post=12269"}],"wp:featuredmedia":[{"embeddable":true,"href":"https:\/\/endogenic.pl\/pl\/wp-json\/wp\/v2\/media\/12270"}],"wp:attachment":[{"href":"https:\/\/endogenic.pl\/pl\/wp-json\/wp\/v2\/media?parent=12269"}],"wp:term":[{"taxonomy":"product_cat","embeddable":true,"href":"https:\/\/endogenic.pl\/pl\/wp-json\/wp\/v2\/product_cat?post=12269"},{"taxonomy":"product_tag","embeddable":true,"href":"https:\/\/endogenic.pl\/pl\/wp-json\/wp\/v2\/product_tag?post=12269"}],"curies":[{"name":"wp","href":"https:\/\/api.w.org\/{rel}","templated":true}]}}