{"id":12273,"date":"2022-06-19T16:30:38","date_gmt":"2022-06-19T14:30:38","guid":{"rendered":"https:\/\/endogenic.pl\/pl\/?post_type=product&#038;p=12273"},"modified":"2022-06-24T22:39:30","modified_gmt":"2022-06-24T20:39:30","slug":"thymosin-alpha-1","status":"publish","type":"product","link":"https:\/\/endogenic.pl\/pl\/product\/thymosin-alpha-1\/","title":{"rendered":"Thymosin Alpha-1"},"content":{"rendered":"<p>Thymosin Alpha-1 to peptyd kt\u00f3ry reguluje funkcje uk\u0142adu odporno\u015bciowego. Co to oznacza ? Thymosin Alpha-1 to \u015bwietny \u015brodek na radzenie sobie z wszelakimi infekcjami grzybiczymi i wirusowymi. Thymosin Alpha-1 nadaje si\u0119 do stosowania profilaktycznego, aby zapobiega\u0107 chorob\u0105 czy przezi\u0119bieniom. Ponadto Thymosin Alpha-1 mo\u017ce pom\u00f3c w walce z chorobami autoimmunologicznymi. To wszystko czyni Thymosin Alpha-1 wyj\u0105tkowym peptydem.<\/p>\n","protected":false},"excerpt":{"rendered":"<p>Thymosin Alpha-1 to peptyd kt\u00f3ry reguluje funkcje uk\u0142adu odporno\u015bciowego. Co&hellip;<\/p>\n<p> <a class=\"more-link\" href=\"https:\/\/endogenic.pl\/pl\/product\/thymosin-alpha-1\/\">Czytaj dalej<\/a><\/p>\n","protected":false},"featured_media":12274,"comment_status":"open","ping_status":"closed","template":"","meta":[],"product_cat":[46],"product_tag":[],"class_list":{"0":"post-12273","1":"product","2":"type-product","3":"status-publish","4":"has-post-thumbnail","6":"product_cat-peptides"},"_links":{"self":[{"href":"https:\/\/endogenic.pl\/pl\/wp-json\/wp\/v2\/product\/12273","targetHints":{"allow":["GET"]}}],"collection":[{"href":"https:\/\/endogenic.pl\/pl\/wp-json\/wp\/v2\/product"}],"about":[{"href":"https:\/\/endogenic.pl\/pl\/wp-json\/wp\/v2\/types\/product"}],"replies":[{"embeddable":true,"href":"https:\/\/endogenic.pl\/pl\/wp-json\/wp\/v2\/comments?post=12273"}],"wp:featuredmedia":[{"embeddable":true,"href":"https:\/\/endogenic.pl\/pl\/wp-json\/wp\/v2\/media\/12274"}],"wp:attachment":[{"href":"https:\/\/endogenic.pl\/pl\/wp-json\/wp\/v2\/media?parent=12273"}],"wp:term":[{"taxonomy":"product_cat","embeddable":true,"href":"https:\/\/endogenic.pl\/pl\/wp-json\/wp\/v2\/product_cat?post=12273"},{"taxonomy":"product_tag","embeddable":true,"href":"https:\/\/endogenic.pl\/pl\/wp-json\/wp\/v2\/product_tag?post=12273"}],"curies":[{"name":"wp","href":"https:\/\/api.w.org\/{rel}","templated":true}]}}