{"id":12275,"date":"2022-06-19T16:31:12","date_gmt":"2022-06-19T14:31:12","guid":{"rendered":"https:\/\/endogenic.pl\/pl\/?post_type=product&#038;p=12275"},"modified":"2022-06-24T22:39:24","modified_gmt":"2022-06-24T20:39:24","slug":"adamax","status":"publish","type":"product","link":"https:\/\/endogenic.pl\/pl\/product\/adamax\/","title":{"rendered":"Adamax"},"content":{"rendered":"<p>Adamax jest peptydem, kt\u00f3ry zosta\u0142 og\u0142oszony jako nowocze\u015bniejsza i mocniejsza wersja Semax&#8217;u. Stosowanie Adamaxu daje przyp\u0142yw energii, motywacji, od\u015bwie\u017cenia, ale bez nadmiernej stymulacji. Adamax wyr\u00f3\u017cnia d\u0142ugi okres p\u00f3\u0142trwania (d\u0142u\u017cszy ni\u017c w przypadku semaxu). Przyswajalny w formie donosowej (krople lub atomizer), dzi\u0119ki czemu jest \u0142atwy w aplikacji.<br \/>\nPolecany w przypadku problem\u00f3w z depresj\u0105 i u\u017cywkami. \u015awietnie nadaje si\u0119 do pracy, nawet w godzinach wieczornych. Dla wielu najlepszy \u015brodek nootropowy<\/p>\n","protected":false},"excerpt":{"rendered":"<p>Adamax jest peptydem, kt\u00f3ry zosta\u0142 og\u0142oszony jako nowocze\u015bniejsza i mocniejsza&hellip;<\/p>\n<p> <a class=\"more-link\" href=\"https:\/\/endogenic.pl\/pl\/product\/adamax\/\">Czytaj dalej<\/a><\/p>\n","protected":false},"featured_media":12276,"comment_status":"open","ping_status":"closed","template":"","meta":[],"product_cat":[46],"product_tag":[],"class_list":{"0":"post-12275","1":"product","2":"type-product","3":"status-publish","4":"has-post-thumbnail","6":"product_cat-peptides"},"_links":{"self":[{"href":"https:\/\/endogenic.pl\/pl\/wp-json\/wp\/v2\/product\/12275","targetHints":{"allow":["GET"]}}],"collection":[{"href":"https:\/\/endogenic.pl\/pl\/wp-json\/wp\/v2\/product"}],"about":[{"href":"https:\/\/endogenic.pl\/pl\/wp-json\/wp\/v2\/types\/product"}],"replies":[{"embeddable":true,"href":"https:\/\/endogenic.pl\/pl\/wp-json\/wp\/v2\/comments?post=12275"}],"wp:featuredmedia":[{"embeddable":true,"href":"https:\/\/endogenic.pl\/pl\/wp-json\/wp\/v2\/media\/12276"}],"wp:attachment":[{"href":"https:\/\/endogenic.pl\/pl\/wp-json\/wp\/v2\/media?parent=12275"}],"wp:term":[{"taxonomy":"product_cat","embeddable":true,"href":"https:\/\/endogenic.pl\/pl\/wp-json\/wp\/v2\/product_cat?post=12275"},{"taxonomy":"product_tag","embeddable":true,"href":"https:\/\/endogenic.pl\/pl\/wp-json\/wp\/v2\/product_tag?post=12275"}],"curies":[{"name":"wp","href":"https:\/\/api.w.org\/{rel}","templated":true}]}}