{"id":12277,"date":"2022-06-19T16:31:33","date_gmt":"2022-06-19T14:31:33","guid":{"rendered":"https:\/\/endogenic.pl\/pl\/?post_type=product&#038;p=12277"},"modified":"2022-06-24T22:39:17","modified_gmt":"2022-06-24T20:39:17","slug":"cortagen","status":"publish","type":"product","link":"https:\/\/endogenic.pl\/pl\/product\/cortagen\/","title":{"rendered":"Cortagen"},"content":{"rendered":"<p>Cortagen jest ekstraktem polipeptydowym. Cortagen pochodzi od popularnego leku w krajach wschodnich &#8211; Cortexinu. Cortagen \/ Cortexin by\u0142 stosowany w wielu szpitalach na \u015bwiecie z powodzeniem. G\u0142\u00f3wne zadania jakie spe\u0142nia Cortagen to naprawa uk\u0142adu nerwowego, regeneracja tkanek nerw\u00f3w obwodowych oraz poprawa pami\u0119ci i koncentracji. Wielu u\u017cytkownik\u00f3w Cortagenu odnotowuje popraw\u0119 samopoczucia, regeneracji oraz motywacji po kuracji cortagenem. Cortagen jest r\u00f3wnie\u017c dobrym \u015brodkiem do zastosowania po epizodach z u\u017cywkami wszelakiego rodzaju.<\/p>\n","protected":false},"excerpt":{"rendered":"<p>Cortagen jest ekstraktem polipeptydowym. Cortagen pochodzi od popularnego leku w&hellip;<\/p>\n<p> <a class=\"more-link\" href=\"https:\/\/endogenic.pl\/pl\/product\/cortagen\/\">Czytaj dalej<\/a><\/p>\n","protected":false},"featured_media":12278,"comment_status":"open","ping_status":"closed","template":"","meta":[],"product_cat":[46],"product_tag":[],"class_list":{"0":"post-12277","1":"product","2":"type-product","3":"status-publish","4":"has-post-thumbnail","6":"product_cat-peptides"},"_links":{"self":[{"href":"https:\/\/endogenic.pl\/pl\/wp-json\/wp\/v2\/product\/12277","targetHints":{"allow":["GET"]}}],"collection":[{"href":"https:\/\/endogenic.pl\/pl\/wp-json\/wp\/v2\/product"}],"about":[{"href":"https:\/\/endogenic.pl\/pl\/wp-json\/wp\/v2\/types\/product"}],"replies":[{"embeddable":true,"href":"https:\/\/endogenic.pl\/pl\/wp-json\/wp\/v2\/comments?post=12277"}],"wp:featuredmedia":[{"embeddable":true,"href":"https:\/\/endogenic.pl\/pl\/wp-json\/wp\/v2\/media\/12278"}],"wp:attachment":[{"href":"https:\/\/endogenic.pl\/pl\/wp-json\/wp\/v2\/media?parent=12277"}],"wp:term":[{"taxonomy":"product_cat","embeddable":true,"href":"https:\/\/endogenic.pl\/pl\/wp-json\/wp\/v2\/product_cat?post=12277"},{"taxonomy":"product_tag","embeddable":true,"href":"https:\/\/endogenic.pl\/pl\/wp-json\/wp\/v2\/product_tag?post=12277"}],"curies":[{"name":"wp","href":"https:\/\/api.w.org\/{rel}","templated":true}]}}